{"id":870,"date":"2014-06-11T22:57:34","date_gmt":"2014-06-11T20:57:34","guid":{"rendered":"http:\/\/www.tunnelblick.es\/press\/?page_id=870"},"modified":"2018-05-31T15:17:27","modified_gmt":"2018-05-31T13:17:27","slug":"spenden-2","status":"publish","type":"page","link":"http:\/\/www.tunnelblick.es\/press\/spenden-2\/","title":{"rendered":"Spenden"},"content":{"rendered":"<p>Der Tunnelblick wird ausschlie\u00dflich durch Spenden finanziert. Unser Spendenkonto:<\/p>\n<div class=\"infobox\"><strong>IBAN: DE54 8309 4495 0003 2812 21<br \/>\nBIC: GENODEF1ETK, EthikBank eG<br \/>\nKontoinhaber: ESIG e. V.<br \/>\nBetreff: Tunnelblick<\/strong><\/div>\n<h2>So verwenden wir Spendeneinnahmen:<\/h2>\n<ul>\n<li>Tunnelblick-Redaktion und Tunnelblick-Verteiler arbeiten grunds\u00e4tzlich ehrenamtlich<\/li>\n<li>Spenden verwenden wir f\u00fcr die Herstellung und den Vertrieb des \u00bbTunnelblicks\u00ab, also z. B. Satz, Druck, Versand, Spezialausgaben und Begleitaktionen<\/li>\n<\/ul>\n<p>Eventuelle Spenden-\u00dcbersch\u00fcsse verwenden wir nach folgenden Grunds\u00e4tzen:<\/p>\n<ul>\n<li>Vom S-21-Widerstand f\u00fcr den S-21-Widerstand<\/li>\n<li>Schwerpunkt: Information gegen Desinformation<\/li>\n<\/ul>\n<p>Spenden\u00fcbersch\u00fcsse verwenden wir ggf. f\u00fcr Vorhaben, die Gegen\u00f6ffentlichkeit herstellen, zum Beispiel f\u00fcr Printmedien, Banner, Flyer, Aufkleber, Anzeigen oder Video-Clips sowie f\u00fcr \u00f6ffentliche Veranstaltungen in Esslingen oder in Zusammenarbeit mit der \u00bbEsslinger Initiative gegen S 21\u00ab zu allen Themenaspekten, die uns im Widerstand gegen S 21 und andere unn\u00fctze Gro\u00dfprojekte besch\u00e4ftigen.<\/p>\n","protected":false},"excerpt":{"rendered":"<p>Der Tunnelblick wird ausschlie\u00dflich durch Spenden finanziert. Unser Spendenkonto: IBAN: DE54 8309 4495 0003 2812 21 BIC: GENODEF1ETK, EthikBank eG Kontoinhaber: ESIG e. V. Betreff: Tunnelblick So verwenden wir Spendeneinnahmen: Tunnelblick-Redaktion und Tunnelblick-Verteiler arbeiten grunds\u00e4tzlich ehrenamtlich Spenden verwenden wir f\u00fcr &hellip; <a href=\"http:\/\/www.tunnelblick.es\/press\/spenden-2\/\">Weiterlesen <span class=\"meta-nav\">&rarr;<\/span><\/a><\/p>\n","protected":false},"author":2,"featured_media":0,"parent":0,"menu_order":0,"comment_status":"closed","ping_status":"closed","template":"","meta":[],"_links":{"self":[{"href":"http:\/\/www.tunnelblick.es\/press\/wp-json\/wp\/v2\/pages\/870"}],"collection":[{"href":"http:\/\/www.tunnelblick.es\/press\/wp-json\/wp\/v2\/pages"}],"about":[{"href":"http:\/\/www.tunnelblick.es\/press\/wp-json\/wp\/v2\/types\/page"}],"author":[{"embeddable":true,"href":"http:\/\/www.tunnelblick.es\/press\/wp-json\/wp\/v2\/users\/2"}],"replies":[{"embeddable":true,"href":"http:\/\/www.tunnelblick.es\/press\/wp-json\/wp\/v2\/comments?post=870"}],"version-history":[{"count":9,"href":"http:\/\/www.tunnelblick.es\/press\/wp-json\/wp\/v2\/pages\/870\/revisions"}],"predecessor-version":[{"id":1333,"href":"http:\/\/www.tunnelblick.es\/press\/wp-json\/wp\/v2\/pages\/870\/revisions\/1333"}],"wp:attachment":[{"href":"http:\/\/www.tunnelblick.es\/press\/wp-json\/wp\/v2\/media?parent=870"}],"curies":[{"name":"wp","href":"https:\/\/api.w.org\/{rel}","templated":true}]}}