{"id":23,"date":"2012-03-12T10:36:10","date_gmt":"2012-03-12T09:36:10","guid":{"rendered":"http:\/\/widmann.net\/press\/?page_id=23"},"modified":"2016-01-07T15:22:14","modified_gmt":"2016-01-07T14:22:14","slug":"warum-tunnelblick","status":"publish","type":"page","link":"http:\/\/www.tunnelblick.es\/press\/warum-tunnelblick\/","title":{"rendered":"Warum Tunnelblick?"},"content":{"rendered":"<p>Der TUNNELBLICK &#8211; von der Basis f\u00fcr die Basis, ohne Umwege, authentisch, handgemacht, handgedruckt &#8211; und tausendfach verteilt.<\/p>\n<p>Gibt es nicht schon genug Infomaterial zu &#8220;Stuttgart 21&#8221;, gibt es nicht schon unabh\u00e4ngige Zeitungen wie StadtPlan, Einund20 oder Kontext? Brauchen wir also noch ein weiteres Medium wie den TUNNELBLICK?<\/p>\n<p>TUNNELBLICK ist klein, schnell und tagesaktuell. TUNNELBLICK richtet sich in erster Linie an all diejenigen, die tagt\u00e4glich die Bahn nutzen: Pendler, Sch\u00fcler und Bahnfahrer aus \u00dcberzeugung. <\/p>\n<p>Deshalb gibt es TUNNELBLICK nur fr\u00fchmorgens direkt am Bahnhof und das kontinuierlich alle vier Wochen. Und nat\u00fcrlich an jeder gut sortierten Mahnwache und jedem K21-Infostand in der Region.<\/p>\n","protected":false},"excerpt":{"rendered":"<p>Der TUNNELBLICK &#8211; von der Basis f\u00fcr die Basis, ohne Umwege, authentisch, handgemacht, handgedruckt &#8211; und tausendfach verteilt. Gibt es nicht schon genug Infomaterial zu &#8220;Stuttgart 21&#8221;, gibt es nicht schon unabh\u00e4ngige Zeitungen wie StadtPlan, Einund20 oder Kontext? Brauchen wir &hellip; <a href=\"http:\/\/www.tunnelblick.es\/press\/warum-tunnelblick\/\">Weiterlesen <span class=\"meta-nav\">&rarr;<\/span><\/a><\/p>\n","protected":false},"author":2,"featured_media":0,"parent":0,"menu_order":10,"comment_status":"closed","ping_status":"closed","template":"sidebar-page.php","meta":[],"_links":{"self":[{"href":"http:\/\/www.tunnelblick.es\/press\/wp-json\/wp\/v2\/pages\/23"}],"collection":[{"href":"http:\/\/www.tunnelblick.es\/press\/wp-json\/wp\/v2\/pages"}],"about":[{"href":"http:\/\/www.tunnelblick.es\/press\/wp-json\/wp\/v2\/types\/page"}],"author":[{"embeddable":true,"href":"http:\/\/www.tunnelblick.es\/press\/wp-json\/wp\/v2\/users\/2"}],"replies":[{"embeddable":true,"href":"http:\/\/www.tunnelblick.es\/press\/wp-json\/wp\/v2\/comments?post=23"}],"version-history":[{"count":9,"href":"http:\/\/www.tunnelblick.es\/press\/wp-json\/wp\/v2\/pages\/23\/revisions"}],"predecessor-version":[{"id":1168,"href":"http:\/\/www.tunnelblick.es\/press\/wp-json\/wp\/v2\/pages\/23\/revisions\/1168"}],"wp:attachment":[{"href":"http:\/\/www.tunnelblick.es\/press\/wp-json\/wp\/v2\/media?parent=23"}],"curies":[{"name":"wp","href":"https:\/\/api.w.org\/{rel}","templated":true}]}}